{"id":12,"date":"2022-02-08T11:23:51","date_gmt":"2022-02-08T10:23:51","guid":{"rendered":"https:\/\/lorenz-erhard.de\/franke\/?page_id=12"},"modified":"2026-03-28T12:17:40","modified_gmt":"2026-03-28T11:17:40","slug":"lebenslauf","status":"publish","type":"page","link":"https:\/\/www.lorenz-erhard.de\/franke\/lebenslauf\/","title":{"rendered":"Lebenslauf Erhard Lorenz"},"content":{"rendered":"<p><b>Pers\u00f6nliche Daten zu Erhard Lorenz<\/b><\/p>\n<p><b><br \/>\n<\/b>am 23. Juli 1954 das Licht des irdischen Lebens erblickt.<b><br \/>\n<\/b>1968 die Lehre zum Maschinenschlosser begonnen und nach 3,5 Jahren erfolgreich abgeschlossen.<b><br \/>\n<\/b>1972 Lizenzierter \u00dcbungsleiter im Allgemeinsport, mit den Schwerpunkten Fu\u00dfball und Tischtennis.<b><br \/>\n<\/b>18. M\u00e4rz 1976 und 29. Mai 1976 eine wunderbare Frau geheiratet. Drei S\u00f6hne.<\/p>\n<p><b>Mein bzw. unser alter systemgesteuerter Weg<br \/>\n<\/b>Ab 1988 Industriemeister und Ausbilder im Fachbereich Metall.<br \/>\n1991 REFA-Fachmann, Datenorganisation, Planung und Steuerung, Statistik, Kostenwesen.<br \/>\n25 Jahre Praxiserfahrung in den Bereichen Maschinenbau, Qualit\u00e4tssicherung und Werkstoffpr\u00fcfung.<br \/>\n5 Jahre Controlling, Produktionsteuerung und -\u00fcberwachung in der Elektrochemie.<br \/>\nAuslandserfahrung durch zweij\u00e4hrigen T\u00e4tigkeit in Brasilien als Leiter der Qualit\u00e4tssicherung.<br \/>\nSeit 1986 in der Erwachsenenausbildung t\u00e4tig.<br \/>\nSeit 1996 selbst\u00e4ndiger Kaufmann, einschl\u00e4gige Erfahrungen im Direktvertrieb, Netzwerk, Handel und Vertrieb von\u00a0Produkten aus der Umwelt, Ern\u00e4hrung, Gesundheit und Werbung.<br \/>\nAb 1998 DTP-Multimedia-Operator.<br \/>\nVerleger von Zeitschriften, Brosch\u00fcren und Internetangebote, Werbeagentur f\u00fcr Regionalgewerbebetriebe.<br \/>\n<b><br \/>\nUnser neuer bewu\u00dft und frei entschiedener sowie souver\u00e4ner Weg<\/b><br \/>\nAb 2004 Aktivit\u00e4ten als Whistleblower und Reichsbeistand.<br \/>\nBewu\u00dftseinstrainer und Referent f\u00fcr den Aufbau von Selbsthilfegemeinschaften und Volks-B\u00fcros.<br \/>\nAb 2005 Privatier<br \/>\nVon 2005 bis 2008 Jurapraxis durch Verfahrensf\u00fchrungen mit Beh\u00f6rden des Vereinigten Wirtschaftsgebietes firmiert als Subjekt <strong><em>BRD<\/em><\/strong>.<br \/>\nAb 29. Mai 2008 Bevollm\u00e4chtigter im Bundesrath.<br \/>\nAb 2008 Aufbau einer verfassungsm\u00e4\u00dfigen Rechtsordnung f\u00fcr Deutschland im Deutschen Reich.<b><br \/>\n<\/b>Ab 2009 Ausbildung und Aufbau von Konsulenten, Mediatoren und staatlich anerkannten Beamten.<br \/>\nAb 2011 als staatlich anerkannter (unbezahlter) Beamter, handelnd im Sinne der Herstellung der Handlungsf\u00e4higkeit des wahren Deutschland, wie dies zum 31. Juli 1914 bestand.<br \/>\n2014 &#8211; Pr\u00e4sident und Mitbegr\u00fcnder der ersten staatlich genehmigten \u201eUniversit\u00e4t Deutschland\u201c seit 1919.<br \/>\nLehrer in Rechtswissenschaften an der Universit\u00e4t.<br \/>\n2017 &#8211; Herstellung der Handlungsf\u00e4higkeit der \u201eDeutschen Gesundheitskasse, kurz DeGeKa\u201c, die zum richtigen Zeitpunkt wieder aktiv wird und die einzige staatliche Gesundheitskasse Deutschlands sein wird.<br \/>\n2018 &#8211; die Vorbereitungen f\u00fcr die Herstellung der Handlungsf\u00e4higkeit des souver\u00e4nen Deutschlands sind staatsrechtlich und international zur Umsetzung abgeschlossen.<br \/>\n2018 &#8211; Aufbau der Volks-B\u00fcros, des Amtswegweisers \u2013 die Nachkriegsordnung ist seit April 2018 beendet.<br \/>\n2019 &#8211; Gesamter Aufbau des Auftrittes im Internet f\u00fcr die institutionellen Organe des Reiches.<br \/>\n2019 &#8211; Deutsch\u00f6sterreich ist ab August 2019 ein Bundesstaat im Deutschen Reich.<br \/>\n2020 &#8211; Neubesetzung der Reichsleitung, Reaktivierung von Justitia Deutschland mit Deutschen Recht-Konsulenten und Assessoren.<br \/>\n2021 &#8211; Die Universit\u00e4t mit einem Professor f\u00fcr Heimathwesen besetzt und die Lehrst\u00fchle neu eingerichtet.<br \/>\n2022 &#8211; Professor am Lehrstuhl f\u00fcr Rechtswissenschaft.<br \/>\n2023 &#8211; Reaktivierung der Justiz nach tats\u00e4chlichem und echten Reichsrecht, wie dieses bis zum 28. Oktober 1918 galt und ab dem 29. Mai 2008 weitergef\u00fchrt wurde.<br \/>\n2024 &#8211; Reaktivierung des Deutschen Gerichtshof mit der Reichsanwaltschaft und des Kaiserlich Deutschen Patent- und Markenamtes.<br \/>\n2025 &#8211; Depesche an die Regierung Ru\u00dflands; Einrichtung des Sondergerichts beim Deutschen Gerichtshof.<br \/>\n2025 &#8211; Erschaffung der Reichsnotare mit Reichsnotariatsordnung f\u00fcr das Deutsche Reich.<br \/>\n2026 &#8211; Aktivierung der Beweissicherungsorgane.<br \/>\n2026 &#8211; Aktivierung des Sondergerichts beim Deutschen Gerichtshof bzw. Reichsgericht.<\/p>\n","protected":false},"excerpt":{"rendered":"<p>Pers\u00f6nliche Daten zu Erhard Lorenz am 23. Juli 1954 das Licht des irdischen Lebens erblickt. 1968 die Lehre zum Maschinenschlosser begonnen und [&hellip;]<\/p>\n","protected":false},"author":1,"featured_media":0,"parent":0,"menu_order":0,"comment_status":"closed","ping_status":"closed","template":"","meta":{"footnotes":""},"class_list":["post-12","page","type-page","status-publish","hentry"],"yoast_head":"<!-- This site is optimized with the Yoast SEO plugin v27.2 - https:\/\/yoast.com\/product\/yoast-seo-wordpress\/ -->\n<title>Lebenslauf Erhard Lorenz - Deutschland meine Heimath<\/title>\n<meta name=\"robots\" content=\"index, follow, max-snippet:-1, max-image-preview:large, max-video-preview:-1\" \/>\n<link rel=\"canonical\" href=\"https:\/\/www.lorenz-erhard.de\/franke\/lebenslauf\/\" \/>\n<meta property=\"og:locale\" content=\"de_DE\" \/>\n<meta property=\"og:type\" content=\"article\" \/>\n<meta property=\"og:title\" content=\"Lebenslauf Erhard Lorenz - Deutschland meine Heimath\" \/>\n<meta property=\"og:description\" content=\"Pers\u00f6nliche Daten zu Erhard Lorenz am 23. Juli 1954 das Licht des irdischen Lebens erblickt. 1968 die Lehre zum Maschinenschlosser begonnen und [&hellip;]\" \/>\n<meta property=\"og:url\" content=\"https:\/\/www.lorenz-erhard.de\/franke\/lebenslauf\/\" \/>\n<meta property=\"og:site_name\" content=\"Deutschland meine Heimath\" \/>\n<meta property=\"article:modified_time\" content=\"2026-03-28T11:17:40+00:00\" \/>\n<meta name=\"twitter:card\" content=\"summary_large_image\" \/>\n<meta name=\"twitter:label1\" content=\"Gesch\u00e4tzte Lesezeit\" \/>\n\t<meta name=\"twitter:data1\" content=\"3\u00a0Minuten\" \/>\n<script type=\"application\/ld+json\" class=\"yoast-schema-graph\">{\"@context\":\"https:\/\/schema.org\",\"@graph\":[{\"@type\":\"WebPage\",\"@id\":\"https:\/\/www.lorenz-erhard.de\/franke\/lebenslauf\/\",\"url\":\"https:\/\/www.lorenz-erhard.de\/franke\/lebenslauf\/\",\"name\":\"Lebenslauf Erhard Lorenz - Deutschland meine Heimath\",\"isPartOf\":{\"@id\":\"https:\/\/www.lorenz-erhard.de\/franke\/#website\"},\"datePublished\":\"2022-02-08T10:23:51+00:00\",\"dateModified\":\"2026-03-28T11:17:40+00:00\",\"breadcrumb\":{\"@id\":\"https:\/\/www.lorenz-erhard.de\/franke\/lebenslauf\/#breadcrumb\"},\"inLanguage\":\"de\",\"potentialAction\":[{\"@type\":\"ReadAction\",\"target\":[\"https:\/\/www.lorenz-erhard.de\/franke\/lebenslauf\/\"]}]},{\"@type\":\"BreadcrumbList\",\"@id\":\"https:\/\/www.lorenz-erhard.de\/franke\/lebenslauf\/#breadcrumb\",\"itemListElement\":[{\"@type\":\"ListItem\",\"position\":1,\"name\":\"Startseite\",\"item\":\"https:\/\/www.lorenz-erhard.de\/franke\/\"},{\"@type\":\"ListItem\",\"position\":2,\"name\":\"Lebenslauf Erhard Lorenz\"}]},{\"@type\":\"WebSite\",\"@id\":\"https:\/\/www.lorenz-erhard.de\/franke\/#website\",\"url\":\"https:\/\/www.lorenz-erhard.de\/franke\/\",\"name\":\"Deutschland meine Heimath\",\"description\":\"Das ganze Deutschland mu\u00df es sein.  - Von der Maas bis an die Memel, von der Etsch bis an den Belt!\",\"publisher\":{\"@id\":\"https:\/\/www.lorenz-erhard.de\/franke\/#\/schema\/person\/31f8e76f592a790fa0186d13764b553d\"},\"potentialAction\":[{\"@type\":\"SearchAction\",\"target\":{\"@type\":\"EntryPoint\",\"urlTemplate\":\"https:\/\/www.lorenz-erhard.de\/franke\/?s={search_term_string}\"},\"query-input\":{\"@type\":\"PropertyValueSpecification\",\"valueRequired\":true,\"valueName\":\"search_term_string\"}}],\"inLanguage\":\"de\"},{\"@type\":[\"Person\",\"Organization\"],\"@id\":\"https:\/\/www.lorenz-erhard.de\/franke\/#\/schema\/person\/31f8e76f592a790fa0186d13764b553d\",\"name\":\"frankele\",\"image\":{\"@type\":\"ImageObject\",\"inLanguage\":\"de\",\"@id\":\"https:\/\/www.lorenz-erhard.de\/franke\/wp-content\/uploads\/2022\/02\/Familienwappen-Lorenz.gif\",\"url\":\"https:\/\/www.lorenz-erhard.de\/franke\/wp-content\/uploads\/2022\/02\/Familienwappen-Lorenz.gif\",\"contentUrl\":\"https:\/\/www.lorenz-erhard.de\/franke\/wp-content\/uploads\/2022\/02\/Familienwappen-Lorenz.gif\",\"width\":148,\"height\":207,\"caption\":\"frankele\"},\"logo\":{\"@id\":\"https:\/\/www.lorenz-erhard.de\/franke\/wp-content\/uploads\/2022\/02\/Familienwappen-Lorenz.gif\"}}]}<\/script>\n<!-- \/ Yoast SEO plugin. -->","yoast_head_json":{"title":"Lebenslauf Erhard Lorenz - Deutschland meine Heimath","robots":{"index":"index","follow":"follow","max-snippet":"max-snippet:-1","max-image-preview":"max-image-preview:large","max-video-preview":"max-video-preview:-1"},"canonical":"https:\/\/www.lorenz-erhard.de\/franke\/lebenslauf\/","og_locale":"de_DE","og_type":"article","og_title":"Lebenslauf Erhard Lorenz - Deutschland meine Heimath","og_description":"Pers\u00f6nliche Daten zu Erhard Lorenz am 23. Juli 1954 das Licht des irdischen Lebens erblickt. 1968 die Lehre zum Maschinenschlosser begonnen und [&hellip;]","og_url":"https:\/\/www.lorenz-erhard.de\/franke\/lebenslauf\/","og_site_name":"Deutschland meine Heimath","article_modified_time":"2026-03-28T11:17:40+00:00","twitter_card":"summary_large_image","twitter_misc":{"Gesch\u00e4tzte Lesezeit":"3\u00a0Minuten"},"schema":{"@context":"https:\/\/schema.org","@graph":[{"@type":"WebPage","@id":"https:\/\/www.lorenz-erhard.de\/franke\/lebenslauf\/","url":"https:\/\/www.lorenz-erhard.de\/franke\/lebenslauf\/","name":"Lebenslauf Erhard Lorenz - Deutschland meine Heimath","isPartOf":{"@id":"https:\/\/www.lorenz-erhard.de\/franke\/#website"},"datePublished":"2022-02-08T10:23:51+00:00","dateModified":"2026-03-28T11:17:40+00:00","breadcrumb":{"@id":"https:\/\/www.lorenz-erhard.de\/franke\/lebenslauf\/#breadcrumb"},"inLanguage":"de","potentialAction":[{"@type":"ReadAction","target":["https:\/\/www.lorenz-erhard.de\/franke\/lebenslauf\/"]}]},{"@type":"BreadcrumbList","@id":"https:\/\/www.lorenz-erhard.de\/franke\/lebenslauf\/#breadcrumb","itemListElement":[{"@type":"ListItem","position":1,"name":"Startseite","item":"https:\/\/www.lorenz-erhard.de\/franke\/"},{"@type":"ListItem","position":2,"name":"Lebenslauf Erhard Lorenz"}]},{"@type":"WebSite","@id":"https:\/\/www.lorenz-erhard.de\/franke\/#website","url":"https:\/\/www.lorenz-erhard.de\/franke\/","name":"Deutschland meine Heimath","description":"Das ganze Deutschland mu\u00df es sein.  - Von der Maas bis an die Memel, von der Etsch bis an den Belt!","publisher":{"@id":"https:\/\/www.lorenz-erhard.de\/franke\/#\/schema\/person\/31f8e76f592a790fa0186d13764b553d"},"potentialAction":[{"@type":"SearchAction","target":{"@type":"EntryPoint","urlTemplate":"https:\/\/www.lorenz-erhard.de\/franke\/?s={search_term_string}"},"query-input":{"@type":"PropertyValueSpecification","valueRequired":true,"valueName":"search_term_string"}}],"inLanguage":"de"},{"@type":["Person","Organization"],"@id":"https:\/\/www.lorenz-erhard.de\/franke\/#\/schema\/person\/31f8e76f592a790fa0186d13764b553d","name":"frankele","image":{"@type":"ImageObject","inLanguage":"de","@id":"https:\/\/www.lorenz-erhard.de\/franke\/wp-content\/uploads\/2022\/02\/Familienwappen-Lorenz.gif","url":"https:\/\/www.lorenz-erhard.de\/franke\/wp-content\/uploads\/2022\/02\/Familienwappen-Lorenz.gif","contentUrl":"https:\/\/www.lorenz-erhard.de\/franke\/wp-content\/uploads\/2022\/02\/Familienwappen-Lorenz.gif","width":148,"height":207,"caption":"frankele"},"logo":{"@id":"https:\/\/www.lorenz-erhard.de\/franke\/wp-content\/uploads\/2022\/02\/Familienwappen-Lorenz.gif"}}]}},"_links":{"self":[{"href":"https:\/\/www.lorenz-erhard.de\/franke\/wp-json\/wp\/v2\/pages\/12","targetHints":{"allow":["GET"]}}],"collection":[{"href":"https:\/\/www.lorenz-erhard.de\/franke\/wp-json\/wp\/v2\/pages"}],"about":[{"href":"https:\/\/www.lorenz-erhard.de\/franke\/wp-json\/wp\/v2\/types\/page"}],"author":[{"embeddable":true,"href":"https:\/\/www.lorenz-erhard.de\/franke\/wp-json\/wp\/v2\/users\/1"}],"replies":[{"embeddable":true,"href":"https:\/\/www.lorenz-erhard.de\/franke\/wp-json\/wp\/v2\/comments?post=12"}],"version-history":[{"count":4,"href":"https:\/\/www.lorenz-erhard.de\/franke\/wp-json\/wp\/v2\/pages\/12\/revisions"}],"predecessor-version":[{"id":188,"href":"https:\/\/www.lorenz-erhard.de\/franke\/wp-json\/wp\/v2\/pages\/12\/revisions\/188"}],"wp:attachment":[{"href":"https:\/\/www.lorenz-erhard.de\/franke\/wp-json\/wp\/v2\/media?parent=12"}],"curies":[{"name":"wp","href":"https:\/\/api.w.org\/{rel}","templated":true}]}}